{"id":79,"date":"2023-01-22T02:03:09","date_gmt":"2023-01-22T02:03:09","guid":{"rendered":"http:\/\/www.labccp.cinemapoetico.net\/wplccp\/?page_id=79"},"modified":"2023-03-27T16:27:14","modified_gmt":"2023-03-27T16:27:14","slug":"lccp-yondo","status":"publish","type":"page","link":"https:\/\/www.labccp.cinemapoetico.net\/wplccp\/lccp-yondo\/","title":{"rendered":"LCCP Yond\u00f3"},"content":{"rendered":"\n<p>Aqu\u00ed presentamos algunos de los resultados que se lograron con el desarrollo del Laboratorio de Creaci\u00f3n Cinema Po\u00e9tico #LCCP en el municipio de Yond\u00f3 Antioqu\u00eda. <\/p>\n\n\n\n<figure class=\"wp-block-gallery has-nested-images columns-default is-cropped wp-block-gallery-1 is-layout-flex wp-block-gallery-is-layout-flex\">\n<figure class=\"wp-block-image size-large\"><img loading=\"lazy\" decoding=\"async\" width=\"1024\" height=\"769\" data-id=\"96\" src=\"http:\/\/www.labccp.cinemapoetico.net\/wplccp\/wp-content\/uploads\/2023\/03\/SR1-1024x769.jpeg\" alt=\"\" class=\"wp-image-96\" srcset=\"https:\/\/www.labccp.cinemapoetico.net\/wplccp\/wp-content\/uploads\/2023\/03\/SR1-1024x769.jpeg 1024w, https:\/\/www.labccp.cinemapoetico.net\/wplccp\/wp-content\/uploads\/2023\/03\/SR1-300x225.jpeg 300w, https:\/\/www.labccp.cinemapoetico.net\/wplccp\/wp-content\/uploads\/2023\/03\/SR1-768x576.jpeg 768w, https:\/\/www.labccp.cinemapoetico.net\/wplccp\/wp-content\/uploads\/2023\/03\/SR1-1536x1153.jpeg 1536w, https:\/\/www.labccp.cinemapoetico.net\/wplccp\/wp-content\/uploads\/2023\/03\/SR1-285x214.jpeg 285w, https:\/\/www.labccp.cinemapoetico.net\/wplccp\/wp-content\/uploads\/2023\/03\/SR1.jpeg 1600w\" sizes=\"auto, (max-width: 1024px) 100vw, 1024px\" \/><\/figure>\n\n\n\n<figure class=\"wp-block-image size-large\"><img loading=\"lazy\" decoding=\"async\" width=\"1024\" height=\"769\" data-id=\"97\" src=\"http:\/\/www.labccp.cinemapoetico.net\/wplccp\/wp-content\/uploads\/2023\/03\/SR4-1024x769.jpeg\" alt=\"\" class=\"wp-image-97\" srcset=\"https:\/\/www.labccp.cinemapoetico.net\/wplccp\/wp-content\/uploads\/2023\/03\/SR4-1024x769.jpeg 1024w, https:\/\/www.labccp.cinemapoetico.net\/wplccp\/wp-content\/uploads\/2023\/03\/SR4-300x225.jpeg 300w, https:\/\/www.labccp.cinemapoetico.net\/wplccp\/wp-content\/uploads\/2023\/03\/SR4-768x576.jpeg 768w, https:\/\/www.labccp.cinemapoetico.net\/wplccp\/wp-content\/uploads\/2023\/03\/SR4-1536x1153.jpeg 1536w, https:\/\/www.labccp.cinemapoetico.net\/wplccp\/wp-content\/uploads\/2023\/03\/SR4-285x214.jpeg 285w, https:\/\/www.labccp.cinemapoetico.net\/wplccp\/wp-content\/uploads\/2023\/03\/SR4.jpeg 1600w\" sizes=\"auto, (max-width: 1024px) 100vw, 1024px\" \/><\/figure>\n\n\n\n<figure class=\"wp-block-image size-large\"><img loading=\"lazy\" decoding=\"async\" width=\"1024\" height=\"769\" data-id=\"98\" src=\"http:\/\/www.labccp.cinemapoetico.net\/wplccp\/wp-content\/uploads\/2023\/03\/SR3-1024x769.jpeg\" alt=\"\" class=\"wp-image-98\" srcset=\"https:\/\/www.labccp.cinemapoetico.net\/wplccp\/wp-content\/uploads\/2023\/03\/SR3-1024x769.jpeg 1024w, https:\/\/www.labccp.cinemapoetico.net\/wplccp\/wp-content\/uploads\/2023\/03\/SR3-300x225.jpeg 300w, https:\/\/www.labccp.cinemapoetico.net\/wplccp\/wp-content\/uploads\/2023\/03\/SR3-768x576.jpeg 768w, https:\/\/www.labccp.cinemapoetico.net\/wplccp\/wp-content\/uploads\/2023\/03\/SR3-1536x1153.jpeg 1536w, https:\/\/www.labccp.cinemapoetico.net\/wplccp\/wp-content\/uploads\/2023\/03\/SR3-285x214.jpeg 285w, https:\/\/www.labccp.cinemapoetico.net\/wplccp\/wp-content\/uploads\/2023\/03\/SR3.jpeg 1600w\" sizes=\"auto, (max-width: 1024px) 100vw, 1024px\" \/><\/figure>\n\n\n\n<figure class=\"wp-block-image size-large\"><img loading=\"lazy\" decoding=\"async\" width=\"1024\" height=\"769\" data-id=\"99\" src=\"http:\/\/www.labccp.cinemapoetico.net\/wplccp\/wp-content\/uploads\/2023\/03\/SR2-1024x769.jpeg\" alt=\"\" class=\"wp-image-99\" srcset=\"https:\/\/www.labccp.cinemapoetico.net\/wplccp\/wp-content\/uploads\/2023\/03\/SR2-1024x769.jpeg 1024w, https:\/\/www.labccp.cinemapoetico.net\/wplccp\/wp-content\/uploads\/2023\/03\/SR2-300x225.jpeg 300w, https:\/\/www.labccp.cinemapoetico.net\/wplccp\/wp-content\/uploads\/2023\/03\/SR2-768x576.jpeg 768w, https:\/\/www.labccp.cinemapoetico.net\/wplccp\/wp-content\/uploads\/2023\/03\/SR2-1536x1153.jpeg 1536w, https:\/\/www.labccp.cinemapoetico.net\/wplccp\/wp-content\/uploads\/2023\/03\/SR2-285x214.jpeg 285w, https:\/\/www.labccp.cinemapoetico.net\/wplccp\/wp-content\/uploads\/2023\/03\/SR2.jpeg 1600w\" sizes=\"auto, (max-width: 1024px) 100vw, 1024px\" \/><\/figure>\n<\/figure>\n\n\n\n<figure class=\"wp-block-gallery has-nested-images columns-default is-cropped wp-block-gallery-2 is-layout-flex wp-block-gallery-is-layout-flex\">\n<figure class=\"wp-block-image size-large\"><img loading=\"lazy\" decoding=\"async\" width=\"1024\" height=\"678\" data-id=\"104\" src=\"http:\/\/www.labccp.cinemapoetico.net\/wplccp\/wp-content\/uploads\/2023\/03\/Y2.1-1024x678.jpg\" alt=\"\" class=\"wp-image-104\" srcset=\"https:\/\/www.labccp.cinemapoetico.net\/wplccp\/wp-content\/uploads\/2023\/03\/Y2.1-1024x678.jpg 1024w, https:\/\/www.labccp.cinemapoetico.net\/wplccp\/wp-content\/uploads\/2023\/03\/Y2.1-300x199.jpg 300w, https:\/\/www.labccp.cinemapoetico.net\/wplccp\/wp-content\/uploads\/2023\/03\/Y2.1-768x509.jpg 768w, https:\/\/www.labccp.cinemapoetico.net\/wplccp\/wp-content\/uploads\/2023\/03\/Y2.1-1536x1017.jpg 1536w, https:\/\/www.labccp.cinemapoetico.net\/wplccp\/wp-content\/uploads\/2023\/03\/Y2.1-2048x1356.jpg 2048w\" sizes=\"auto, (max-width: 1024px) 100vw, 1024px\" \/><\/figure>\n\n\n\n<figure class=\"wp-block-image size-large\"><img loading=\"lazy\" decoding=\"async\" width=\"678\" height=\"1024\" data-id=\"103\" src=\"http:\/\/www.labccp.cinemapoetico.net\/wplccp\/wp-content\/uploads\/2023\/03\/Y2.2-678x1024.jpg\" alt=\"\" class=\"wp-image-103\" srcset=\"https:\/\/www.labccp.cinemapoetico.net\/wplccp\/wp-content\/uploads\/2023\/03\/Y2.2-678x1024.jpg 678w, https:\/\/www.labccp.cinemapoetico.net\/wplccp\/wp-content\/uploads\/2023\/03\/Y2.2-199x300.jpg 199w, https:\/\/www.labccp.cinemapoetico.net\/wplccp\/wp-content\/uploads\/2023\/03\/Y2.2-768x1160.jpg 768w, https:\/\/www.labccp.cinemapoetico.net\/wplccp\/wp-content\/uploads\/2023\/03\/Y2.2-1017x1536.jpg 1017w, https:\/\/www.labccp.cinemapoetico.net\/wplccp\/wp-content\/uploads\/2023\/03\/Y2.2-1356x2048.jpg 1356w, https:\/\/www.labccp.cinemapoetico.net\/wplccp\/wp-content\/uploads\/2023\/03\/Y2.2-scaled.jpg 1696w\" sizes=\"auto, (max-width: 678px) 100vw, 678px\" \/><\/figure>\n\n\n\n<figure class=\"wp-block-image size-large\"><img loading=\"lazy\" decoding=\"async\" width=\"683\" height=\"1024\" data-id=\"101\" src=\"http:\/\/www.labccp.cinemapoetico.net\/wplccp\/wp-content\/uploads\/2023\/03\/Y2.4-683x1024.jpg\" alt=\"\" class=\"wp-image-101\" srcset=\"https:\/\/www.labccp.cinemapoetico.net\/wplccp\/wp-content\/uploads\/2023\/03\/Y2.4-683x1024.jpg 683w, https:\/\/www.labccp.cinemapoetico.net\/wplccp\/wp-content\/uploads\/2023\/03\/Y2.4-200x300.jpg 200w, https:\/\/www.labccp.cinemapoetico.net\/wplccp\/wp-content\/uploads\/2023\/03\/Y2.4-768x1152.jpg 768w, https:\/\/www.labccp.cinemapoetico.net\/wplccp\/wp-content\/uploads\/2023\/03\/Y2.4.jpg 800w\" sizes=\"auto, (max-width: 683px) 100vw, 683px\" \/><\/figure>\n\n\n\n<figure class=\"wp-block-image size-large\"><img loading=\"lazy\" decoding=\"async\" width=\"683\" height=\"1024\" data-id=\"100\" src=\"http:\/\/www.labccp.cinemapoetico.net\/wplccp\/wp-content\/uploads\/2023\/03\/Y2.3-683x1024.jpg\" alt=\"\" class=\"wp-image-100\" srcset=\"https:\/\/www.labccp.cinemapoetico.net\/wplccp\/wp-content\/uploads\/2023\/03\/Y2.3-683x1024.jpg 683w, https:\/\/www.labccp.cinemapoetico.net\/wplccp\/wp-content\/uploads\/2023\/03\/Y2.3-200x300.jpg 200w, https:\/\/www.labccp.cinemapoetico.net\/wplccp\/wp-content\/uploads\/2023\/03\/Y2.3-768x1152.jpg 768w, https:\/\/www.labccp.cinemapoetico.net\/wplccp\/wp-content\/uploads\/2023\/03\/Y2.3.jpg 800w\" sizes=\"auto, (max-width: 683px) 100vw, 683px\" \/><\/figure>\n\n\n\n<figure class=\"wp-block-image size-large\"><img loading=\"lazy\" decoding=\"async\" width=\"683\" height=\"1024\" data-id=\"102\" src=\"http:\/\/www.labccp.cinemapoetico.net\/wplccp\/wp-content\/uploads\/2023\/03\/Y2.5-683x1024.jpg\" alt=\"\" class=\"wp-image-102\" srcset=\"https:\/\/www.labccp.cinemapoetico.net\/wplccp\/wp-content\/uploads\/2023\/03\/Y2.5-683x1024.jpg 683w, https:\/\/www.labccp.cinemapoetico.net\/wplccp\/wp-content\/uploads\/2023\/03\/Y2.5-200x300.jpg 200w, https:\/\/www.labccp.cinemapoetico.net\/wplccp\/wp-content\/uploads\/2023\/03\/Y2.5-768x1152.jpg 768w, https:\/\/www.labccp.cinemapoetico.net\/wplccp\/wp-content\/uploads\/2023\/03\/Y2.5.jpg 800w\" sizes=\"auto, (max-width: 683px) 100vw, 683px\" \/><\/figure>\n<\/figure>\n\n\n\n<figure class=\"wp-block-gallery has-nested-images columns-default is-cropped wp-block-gallery-3 is-layout-flex wp-block-gallery-is-layout-flex\">\n<figure class=\"wp-block-image size-large\"><img loading=\"lazy\" decoding=\"async\" width=\"1024\" height=\"768\" data-id=\"107\" src=\"http:\/\/www.labccp.cinemapoetico.net\/wplccp\/wp-content\/uploads\/2023\/03\/Y3.1-1024x768.jpeg\" alt=\"\" class=\"wp-image-107\" srcset=\"https:\/\/www.labccp.cinemapoetico.net\/wplccp\/wp-content\/uploads\/2023\/03\/Y3.1-1024x768.jpeg 1024w, https:\/\/www.labccp.cinemapoetico.net\/wplccp\/wp-content\/uploads\/2023\/03\/Y3.1-300x225.jpeg 300w, https:\/\/www.labccp.cinemapoetico.net\/wplccp\/wp-content\/uploads\/2023\/03\/Y3.1-768x576.jpeg 768w, https:\/\/www.labccp.cinemapoetico.net\/wplccp\/wp-content\/uploads\/2023\/03\/Y3.1-1536x1152.jpeg 1536w, https:\/\/www.labccp.cinemapoetico.net\/wplccp\/wp-content\/uploads\/2023\/03\/Y3.1-285x214.jpeg 285w, https:\/\/www.labccp.cinemapoetico.net\/wplccp\/wp-content\/uploads\/2023\/03\/Y3.1.jpeg 1600w\" sizes=\"auto, (max-width: 1024px) 100vw, 1024px\" \/><\/figure>\n\n\n\n<figure class=\"wp-block-image size-large\"><img loading=\"lazy\" decoding=\"async\" width=\"1024\" height=\"769\" data-id=\"108\" src=\"http:\/\/www.labccp.cinemapoetico.net\/wplccp\/wp-content\/uploads\/2023\/03\/Y3.2-1024x769.jpeg\" alt=\"\" class=\"wp-image-108\" srcset=\"https:\/\/www.labccp.cinemapoetico.net\/wplccp\/wp-content\/uploads\/2023\/03\/Y3.2-1024x769.jpeg 1024w, https:\/\/www.labccp.cinemapoetico.net\/wplccp\/wp-content\/uploads\/2023\/03\/Y3.2-300x225.jpeg 300w, https:\/\/www.labccp.cinemapoetico.net\/wplccp\/wp-content\/uploads\/2023\/03\/Y3.2-768x576.jpeg 768w, https:\/\/www.labccp.cinemapoetico.net\/wplccp\/wp-content\/uploads\/2023\/03\/Y3.2-1536x1153.jpeg 1536w, https:\/\/www.labccp.cinemapoetico.net\/wplccp\/wp-content\/uploads\/2023\/03\/Y3.2-285x214.jpeg 285w, https:\/\/www.labccp.cinemapoetico.net\/wplccp\/wp-content\/uploads\/2023\/03\/Y3.2.jpeg 1600w\" sizes=\"auto, (max-width: 1024px) 100vw, 1024px\" \/><\/figure>\n\n\n\n<figure class=\"wp-block-image size-large\"><img loading=\"lazy\" decoding=\"async\" width=\"1024\" height=\"769\" data-id=\"105\" src=\"http:\/\/www.labccp.cinemapoetico.net\/wplccp\/wp-content\/uploads\/2023\/03\/Y3.4-1024x769.jpeg\" alt=\"\" class=\"wp-image-105\" srcset=\"https:\/\/www.labccp.cinemapoetico.net\/wplccp\/wp-content\/uploads\/2023\/03\/Y3.4-1024x769.jpeg 1024w, https:\/\/www.labccp.cinemapoetico.net\/wplccp\/wp-content\/uploads\/2023\/03\/Y3.4-300x225.jpeg 300w, https:\/\/www.labccp.cinemapoetico.net\/wplccp\/wp-content\/uploads\/2023\/03\/Y3.4-768x576.jpeg 768w, https:\/\/www.labccp.cinemapoetico.net\/wplccp\/wp-content\/uploads\/2023\/03\/Y3.4-1536x1153.jpeg 1536w, https:\/\/www.labccp.cinemapoetico.net\/wplccp\/wp-content\/uploads\/2023\/03\/Y3.4-285x214.jpeg 285w, https:\/\/www.labccp.cinemapoetico.net\/wplccp\/wp-content\/uploads\/2023\/03\/Y3.4.jpeg 1600w\" sizes=\"auto, (max-width: 1024px) 100vw, 1024px\" \/><\/figure>\n\n\n\n<figure class=\"wp-block-image size-large\"><img loading=\"lazy\" decoding=\"async\" width=\"1024\" height=\"769\" data-id=\"106\" src=\"http:\/\/www.labccp.cinemapoetico.net\/wplccp\/wp-content\/uploads\/2023\/03\/Y3.3-1024x769.jpeg\" alt=\"\" class=\"wp-image-106\" srcset=\"https:\/\/www.labccp.cinemapoetico.net\/wplccp\/wp-content\/uploads\/2023\/03\/Y3.3-1024x769.jpeg 1024w, https:\/\/www.labccp.cinemapoetico.net\/wplccp\/wp-content\/uploads\/2023\/03\/Y3.3-300x225.jpeg 300w, https:\/\/www.labccp.cinemapoetico.net\/wplccp\/wp-content\/uploads\/2023\/03\/Y3.3-768x576.jpeg 768w, https:\/\/www.labccp.cinemapoetico.net\/wplccp\/wp-content\/uploads\/2023\/03\/Y3.3-1536x1153.jpeg 1536w, https:\/\/www.labccp.cinemapoetico.net\/wplccp\/wp-content\/uploads\/2023\/03\/Y3.3-285x214.jpeg 285w, https:\/\/www.labccp.cinemapoetico.net\/wplccp\/wp-content\/uploads\/2023\/03\/Y3.3.jpeg 1600w\" sizes=\"auto, (max-width: 1024px) 100vw, 1024px\" \/><\/figure>\n<\/figure>\n\n\n\n<p><\/p>\n\n\n\n<p>Podcast:<\/p>\n\n\n\n<figure class=\"wp-block-image size-large is-resized\"><img loading=\"lazy\" decoding=\"async\" src=\"http:\/\/www.labccp.cinemapoetico.net\/wplccp\/wp-content\/uploads\/2023\/03\/Podcast-cinema-1024x1024.png\" alt=\"\" class=\"wp-image-111\" width=\"365\" height=\"365\" srcset=\"https:\/\/www.labccp.cinemapoetico.net\/wplccp\/wp-content\/uploads\/2023\/03\/Podcast-cinema-1024x1024.png 1024w, https:\/\/www.labccp.cinemapoetico.net\/wplccp\/wp-content\/uploads\/2023\/03\/Podcast-cinema-300x300.png 300w, https:\/\/www.labccp.cinemapoetico.net\/wplccp\/wp-content\/uploads\/2023\/03\/Podcast-cinema-150x150.png 150w, https:\/\/www.labccp.cinemapoetico.net\/wplccp\/wp-content\/uploads\/2023\/03\/Podcast-cinema-768x768.png 768w, https:\/\/www.labccp.cinemapoetico.net\/wplccp\/wp-content\/uploads\/2023\/03\/Podcast-cinema-1536x1536.png 1536w, https:\/\/www.labccp.cinemapoetico.net\/wplccp\/wp-content\/uploads\/2023\/03\/Podcast-cinema-2048x2048.png 2048w, https:\/\/www.labccp.cinemapoetico.net\/wplccp\/wp-content\/uploads\/2023\/03\/Podcast-cinema-73x73.png 73w, https:\/\/www.labccp.cinemapoetico.net\/wplccp\/wp-content\/uploads\/2023\/03\/Podcast-cinema-174x174.png 174w, https:\/\/www.labccp.cinemapoetico.net\/wplccp\/wp-content\/uploads\/2023\/03\/Podcast-cinema-250x250.png 250w\" sizes=\"auto, (max-width: 365px) 100vw, 365px\" \/><\/figure>\n\n\n\n<figure class=\"wp-block-audio\"><audio controls src=\"http:\/\/www.labccp.cinemapoetico.net\/wplccp\/wp-content\/uploads\/2023\/03\/384_23-8.1.5-AUDIO-.mp3\"><\/audio><figcaption class=\"wp-element-caption\">Dentro del LCCP tambi\u00e9n le apostamos al tema de los Podcast, aqu\u00ed un breve resumen de los materiales elaborados por los j\u00f3venes participantes.<\/figcaption><\/figure>\n\n\n\n<p>Y tambi\u00e9n le trabajamos al tema audiovisual, aqu\u00ed podemos apreciar algunos de los resultados en este aspecto:<\/p>\n\n\n\n<figure class=\"wp-block-embed is-type-video is-provider-youtube wp-block-embed-youtube wp-embed-aspect-16-9 wp-has-aspect-ratio\"><div class=\"wp-block-embed__wrapper\">\n<iframe loading=\"lazy\" title=\"Video LCCP Mincultura 2023\" width=\"640\" height=\"360\" src=\"https:\/\/www.youtube.com\/embed\/itvM0dePQ6s?feature=oembed\" frameborder=\"0\" allow=\"accelerometer; autoplay; clipboard-write; encrypted-media; gyroscope; picture-in-picture; web-share\" referrerpolicy=\"strict-origin-when-cross-origin\" allowfullscreen><\/iframe>\n<\/div><\/figure>\n","protected":false},"excerpt":{"rendered":"<p>Aqu\u00ed presentamos algunos de los resultados que se lograron con el desarrollo del Laboratorio de Creaci\u00f3n Cinema Po\u00e9tico #LCCP en el municipio de Yond\u00f3 Antioqu\u00eda. Podcast: Y tambi\u00e9n le trabajamos al tema audiovisual, aqu\u00ed podemos apreciar algunos de los resultados en este aspecto:<\/p>\n","protected":false},"author":1,"featured_media":0,"parent":0,"menu_order":0,"comment_status":"closed","ping_status":"closed","template":"","meta":{"footnotes":""},"class_list":["post-79","page","type-page","status-publish","hentry"],"_links":{"self":[{"href":"https:\/\/www.labccp.cinemapoetico.net\/wplccp\/wp-json\/wp\/v2\/pages\/79","targetHints":{"allow":["GET"]}}],"collection":[{"href":"https:\/\/www.labccp.cinemapoetico.net\/wplccp\/wp-json\/wp\/v2\/pages"}],"about":[{"href":"https:\/\/www.labccp.cinemapoetico.net\/wplccp\/wp-json\/wp\/v2\/types\/page"}],"author":[{"embeddable":true,"href":"https:\/\/www.labccp.cinemapoetico.net\/wplccp\/wp-json\/wp\/v2\/users\/1"}],"replies":[{"embeddable":true,"href":"https:\/\/www.labccp.cinemapoetico.net\/wplccp\/wp-json\/wp\/v2\/comments?post=79"}],"version-history":[{"count":4,"href":"https:\/\/www.labccp.cinemapoetico.net\/wplccp\/wp-json\/wp\/v2\/pages\/79\/revisions"}],"predecessor-version":[{"id":114,"href":"https:\/\/www.labccp.cinemapoetico.net\/wplccp\/wp-json\/wp\/v2\/pages\/79\/revisions\/114"}],"wp:attachment":[{"href":"https:\/\/www.labccp.cinemapoetico.net\/wplccp\/wp-json\/wp\/v2\/media?parent=79"}],"curies":[{"name":"wp","href":"https:\/\/api.w.org\/{rel}","templated":true}]}}