{"id":81,"date":"2023-01-22T02:03:38","date_gmt":"2023-01-22T02:03:38","guid":{"rendered":"http:\/\/www.labccp.cinemapoetico.net\/wplccp\/?page_id=81"},"modified":"2023-03-27T16:43:49","modified_gmt":"2023-03-27T16:43:49","slug":"lccp-santa-rosa-del-sur","status":"publish","type":"page","link":"https:\/\/www.labccp.cinemapoetico.net\/wplccp\/lccp-santa-rosa-del-sur\/","title":{"rendered":"LCCP Santa Rosa del Sur"},"content":{"rendered":"\n<p>En Santa Rosa del Sur Bolivar, desarrollamos el Laboratorio de Creaci\u00f3n Cinema Po\u00e9tico en el Corregimiento de San Francisco a 2 horas del casco urbano del municipio, para llegar se debe viajar en la \u00abMachita\u00bb unas camioneta Toyotas capaces de atravesar cualquier roca o laguna o barro de las carreteras destapadas de la regi\u00f3n, unos paisajes que son una postal para la vista. Aqu\u00ed algunos materiales del proceso del LCCP en el Internado donde efectuamos el LCCP con los j\u00f3venes de la regi\u00f3n:<\/p>\n\n\n\n<figure class=\"wp-block-gallery has-nested-images columns-default is-cropped wp-block-gallery-1 is-layout-flex wp-block-gallery-is-layout-flex\">\n<figure class=\"wp-block-image size-large\"><img loading=\"lazy\" decoding=\"async\" width=\"800\" height=\"533\" data-id=\"124\" src=\"http:\/\/www.labccp.cinemapoetico.net\/wplccp\/wp-content\/uploads\/2023\/03\/SR3.jpg\" alt=\"\" class=\"wp-image-124\" srcset=\"https:\/\/www.labccp.cinemapoetico.net\/wplccp\/wp-content\/uploads\/2023\/03\/SR3.jpg 800w, https:\/\/www.labccp.cinemapoetico.net\/wplccp\/wp-content\/uploads\/2023\/03\/SR3-300x200.jpg 300w, https:\/\/www.labccp.cinemapoetico.net\/wplccp\/wp-content\/uploads\/2023\/03\/SR3-768x512.jpg 768w, https:\/\/www.labccp.cinemapoetico.net\/wplccp\/wp-content\/uploads\/2023\/03\/SR3-750x500.jpg 750w\" sizes=\"auto, (max-width: 800px) 100vw, 800px\" \/><\/figure>\n\n\n\n<figure class=\"wp-block-image size-large\"><img loading=\"lazy\" decoding=\"async\" width=\"800\" height=\"532\" data-id=\"122\" src=\"http:\/\/www.labccp.cinemapoetico.net\/wplccp\/wp-content\/uploads\/2023\/03\/SR4.jpg\" alt=\"\" class=\"wp-image-122\" srcset=\"https:\/\/www.labccp.cinemapoetico.net\/wplccp\/wp-content\/uploads\/2023\/03\/SR4.jpg 800w, https:\/\/www.labccp.cinemapoetico.net\/wplccp\/wp-content\/uploads\/2023\/03\/SR4-300x200.jpg 300w, https:\/\/www.labccp.cinemapoetico.net\/wplccp\/wp-content\/uploads\/2023\/03\/SR4-768x511.jpg 768w, https:\/\/www.labccp.cinemapoetico.net\/wplccp\/wp-content\/uploads\/2023\/03\/SR4-750x500.jpg 750w\" sizes=\"auto, (max-width: 800px) 100vw, 800px\" \/><\/figure>\n\n\n\n<figure class=\"wp-block-image size-large\"><img loading=\"lazy\" decoding=\"async\" width=\"800\" height=\"532\" data-id=\"123\" src=\"http:\/\/www.labccp.cinemapoetico.net\/wplccp\/wp-content\/uploads\/2023\/03\/SR1.jpg\" alt=\"\" class=\"wp-image-123\" srcset=\"https:\/\/www.labccp.cinemapoetico.net\/wplccp\/wp-content\/uploads\/2023\/03\/SR1.jpg 800w, https:\/\/www.labccp.cinemapoetico.net\/wplccp\/wp-content\/uploads\/2023\/03\/SR1-300x200.jpg 300w, https:\/\/www.labccp.cinemapoetico.net\/wplccp\/wp-content\/uploads\/2023\/03\/SR1-768x511.jpg 768w, https:\/\/www.labccp.cinemapoetico.net\/wplccp\/wp-content\/uploads\/2023\/03\/SR1-750x500.jpg 750w\" sizes=\"auto, (max-width: 800px) 100vw, 800px\" \/><\/figure>\n<\/figure>\n\n\n\n<figure class=\"wp-block-gallery has-nested-images columns-default is-cropped wp-block-gallery-2 is-layout-flex wp-block-gallery-is-layout-flex\">\n<figure class=\"wp-block-image size-large\"><img loading=\"lazy\" decoding=\"async\" width=\"1024\" height=\"769\" data-id=\"129\" src=\"http:\/\/www.labccp.cinemapoetico.net\/wplccp\/wp-content\/uploads\/2023\/03\/SR2.2-1024x769.jpeg\" alt=\"\" class=\"wp-image-129\" srcset=\"https:\/\/www.labccp.cinemapoetico.net\/wplccp\/wp-content\/uploads\/2023\/03\/SR2.2-1024x769.jpeg 1024w, https:\/\/www.labccp.cinemapoetico.net\/wplccp\/wp-content\/uploads\/2023\/03\/SR2.2-300x225.jpeg 300w, https:\/\/www.labccp.cinemapoetico.net\/wplccp\/wp-content\/uploads\/2023\/03\/SR2.2-768x576.jpeg 768w, https:\/\/www.labccp.cinemapoetico.net\/wplccp\/wp-content\/uploads\/2023\/03\/SR2.2-1536x1153.jpeg 1536w, https:\/\/www.labccp.cinemapoetico.net\/wplccp\/wp-content\/uploads\/2023\/03\/SR2.2-285x214.jpeg 285w, https:\/\/www.labccp.cinemapoetico.net\/wplccp\/wp-content\/uploads\/2023\/03\/SR2.2.jpeg 1600w\" sizes=\"auto, (max-width: 1024px) 100vw, 1024px\" \/><\/figure>\n\n\n\n<figure class=\"wp-block-image size-large\"><img loading=\"lazy\" decoding=\"async\" width=\"769\" height=\"1024\" data-id=\"125\" src=\"http:\/\/www.labccp.cinemapoetico.net\/wplccp\/wp-content\/uploads\/2023\/03\/SR2.1-769x1024.jpeg\" alt=\"\" class=\"wp-image-125\" srcset=\"https:\/\/www.labccp.cinemapoetico.net\/wplccp\/wp-content\/uploads\/2023\/03\/SR2.1-769x1024.jpeg 769w, https:\/\/www.labccp.cinemapoetico.net\/wplccp\/wp-content\/uploads\/2023\/03\/SR2.1-225x300.jpeg 225w, https:\/\/www.labccp.cinemapoetico.net\/wplccp\/wp-content\/uploads\/2023\/03\/SR2.1-768x1023.jpeg 768w, https:\/\/www.labccp.cinemapoetico.net\/wplccp\/wp-content\/uploads\/2023\/03\/SR2.1.jpeg 868w\" sizes=\"auto, (max-width: 769px) 100vw, 769px\" \/><\/figure>\n\n\n\n<figure class=\"wp-block-image size-large\"><img loading=\"lazy\" decoding=\"async\" width=\"769\" height=\"1024\" data-id=\"127\" src=\"http:\/\/www.labccp.cinemapoetico.net\/wplccp\/wp-content\/uploads\/2023\/03\/SR2.3-769x1024.jpeg\" alt=\"\" class=\"wp-image-127\" srcset=\"https:\/\/www.labccp.cinemapoetico.net\/wplccp\/wp-content\/uploads\/2023\/03\/SR2.3-769x1024.jpeg 769w, https:\/\/www.labccp.cinemapoetico.net\/wplccp\/wp-content\/uploads\/2023\/03\/SR2.3-225x300.jpeg 225w, https:\/\/www.labccp.cinemapoetico.net\/wplccp\/wp-content\/uploads\/2023\/03\/SR2.3-768x1023.jpeg 768w, https:\/\/www.labccp.cinemapoetico.net\/wplccp\/wp-content\/uploads\/2023\/03\/SR2.3-1153x1536.jpeg 1153w, https:\/\/www.labccp.cinemapoetico.net\/wplccp\/wp-content\/uploads\/2023\/03\/SR2.3.jpeg 1201w\" sizes=\"auto, (max-width: 769px) 100vw, 769px\" \/><\/figure>\n\n\n\n<figure class=\"wp-block-image size-large\"><img loading=\"lazy\" decoding=\"async\" width=\"1024\" height=\"769\" data-id=\"126\" src=\"http:\/\/www.labccp.cinemapoetico.net\/wplccp\/wp-content\/uploads\/2023\/03\/SR2.5-1024x769.jpeg\" alt=\"\" class=\"wp-image-126\" srcset=\"https:\/\/www.labccp.cinemapoetico.net\/wplccp\/wp-content\/uploads\/2023\/03\/SR2.5-1024x769.jpeg 1024w, https:\/\/www.labccp.cinemapoetico.net\/wplccp\/wp-content\/uploads\/2023\/03\/SR2.5-300x225.jpeg 300w, https:\/\/www.labccp.cinemapoetico.net\/wplccp\/wp-content\/uploads\/2023\/03\/SR2.5-768x576.jpeg 768w, https:\/\/www.labccp.cinemapoetico.net\/wplccp\/wp-content\/uploads\/2023\/03\/SR2.5-1536x1153.jpeg 1536w, https:\/\/www.labccp.cinemapoetico.net\/wplccp\/wp-content\/uploads\/2023\/03\/SR2.5-285x214.jpeg 285w, https:\/\/www.labccp.cinemapoetico.net\/wplccp\/wp-content\/uploads\/2023\/03\/SR2.5.jpeg 1600w\" sizes=\"auto, (max-width: 1024px) 100vw, 1024px\" \/><\/figure>\n\n\n\n<figure class=\"wp-block-image size-large\"><img loading=\"lazy\" decoding=\"async\" width=\"1024\" height=\"769\" data-id=\"128\" src=\"http:\/\/www.labccp.cinemapoetico.net\/wplccp\/wp-content\/uploads\/2023\/03\/SR2.4-1024x769.jpeg\" alt=\"\" class=\"wp-image-128\" srcset=\"https:\/\/www.labccp.cinemapoetico.net\/wplccp\/wp-content\/uploads\/2023\/03\/SR2.4-1024x769.jpeg 1024w, https:\/\/www.labccp.cinemapoetico.net\/wplccp\/wp-content\/uploads\/2023\/03\/SR2.4-300x225.jpeg 300w, https:\/\/www.labccp.cinemapoetico.net\/wplccp\/wp-content\/uploads\/2023\/03\/SR2.4-768x576.jpeg 768w, https:\/\/www.labccp.cinemapoetico.net\/wplccp\/wp-content\/uploads\/2023\/03\/SR2.4-1536x1153.jpeg 1536w, https:\/\/www.labccp.cinemapoetico.net\/wplccp\/wp-content\/uploads\/2023\/03\/SR2.4-285x214.jpeg 285w, https:\/\/www.labccp.cinemapoetico.net\/wplccp\/wp-content\/uploads\/2023\/03\/SR2.4.jpeg 1600w\" sizes=\"auto, (max-width: 1024px) 100vw, 1024px\" \/><\/figure>\n<\/figure>\n\n\n\n<figure class=\"wp-block-gallery has-nested-images columns-default is-cropped wp-block-gallery-3 is-layout-flex wp-block-gallery-is-layout-flex\">\n<figure class=\"wp-block-image size-large\"><img loading=\"lazy\" decoding=\"async\" width=\"1024\" height=\"699\" data-id=\"135\" src=\"http:\/\/www.labccp.cinemapoetico.net\/wplccp\/wp-content\/uploads\/2023\/03\/SR3.2-1024x699.png\" alt=\"\" class=\"wp-image-135\" srcset=\"https:\/\/www.labccp.cinemapoetico.net\/wplccp\/wp-content\/uploads\/2023\/03\/SR3.2-1024x699.png 1024w, https:\/\/www.labccp.cinemapoetico.net\/wplccp\/wp-content\/uploads\/2023\/03\/SR3.2-300x205.png 300w, https:\/\/www.labccp.cinemapoetico.net\/wplccp\/wp-content\/uploads\/2023\/03\/SR3.2-768x524.png 768w, https:\/\/www.labccp.cinemapoetico.net\/wplccp\/wp-content\/uploads\/2023\/03\/SR3.2-1536x1048.png 1536w, https:\/\/www.labccp.cinemapoetico.net\/wplccp\/wp-content\/uploads\/2023\/03\/SR3.2-2048x1397.png 2048w\" sizes=\"auto, (max-width: 1024px) 100vw, 1024px\" \/><\/figure>\n\n\n\n<figure class=\"wp-block-image size-large\"><img loading=\"lazy\" decoding=\"async\" width=\"1024\" height=\"653\" data-id=\"134\" src=\"http:\/\/www.labccp.cinemapoetico.net\/wplccp\/wp-content\/uploads\/2023\/03\/Sr3.1-1024x653.png\" alt=\"\" class=\"wp-image-134\" srcset=\"https:\/\/www.labccp.cinemapoetico.net\/wplccp\/wp-content\/uploads\/2023\/03\/Sr3.1-1024x653.png 1024w, https:\/\/www.labccp.cinemapoetico.net\/wplccp\/wp-content\/uploads\/2023\/03\/Sr3.1-300x191.png 300w, https:\/\/www.labccp.cinemapoetico.net\/wplccp\/wp-content\/uploads\/2023\/03\/Sr3.1-768x490.png 768w, https:\/\/www.labccp.cinemapoetico.net\/wplccp\/wp-content\/uploads\/2023\/03\/Sr3.1-1536x979.png 1536w, https:\/\/www.labccp.cinemapoetico.net\/wplccp\/wp-content\/uploads\/2023\/03\/Sr3.1-2048x1305.png 2048w\" sizes=\"auto, (max-width: 1024px) 100vw, 1024px\" \/><\/figure>\n\n\n\n<figure class=\"wp-block-image size-large\"><img loading=\"lazy\" decoding=\"async\" width=\"1024\" height=\"769\" data-id=\"133\" src=\"http:\/\/www.labccp.cinemapoetico.net\/wplccp\/wp-content\/uploads\/2023\/03\/SR3.6-1024x769.jpeg\" alt=\"\" class=\"wp-image-133\" srcset=\"https:\/\/www.labccp.cinemapoetico.net\/wplccp\/wp-content\/uploads\/2023\/03\/SR3.6-1024x769.jpeg 1024w, https:\/\/www.labccp.cinemapoetico.net\/wplccp\/wp-content\/uploads\/2023\/03\/SR3.6-300x225.jpeg 300w, https:\/\/www.labccp.cinemapoetico.net\/wplccp\/wp-content\/uploads\/2023\/03\/SR3.6-768x576.jpeg 768w, https:\/\/www.labccp.cinemapoetico.net\/wplccp\/wp-content\/uploads\/2023\/03\/SR3.6-1536x1153.jpeg 1536w, https:\/\/www.labccp.cinemapoetico.net\/wplccp\/wp-content\/uploads\/2023\/03\/SR3.6-285x214.jpeg 285w, https:\/\/www.labccp.cinemapoetico.net\/wplccp\/wp-content\/uploads\/2023\/03\/SR3.6.jpeg 1600w\" sizes=\"auto, (max-width: 1024px) 100vw, 1024px\" \/><\/figure>\n\n\n\n<figure class=\"wp-block-image size-large\"><img loading=\"lazy\" decoding=\"async\" width=\"1024\" height=\"769\" data-id=\"132\" src=\"http:\/\/www.labccp.cinemapoetico.net\/wplccp\/wp-content\/uploads\/2023\/03\/SR-3.5-1024x769.jpeg\" alt=\"\" class=\"wp-image-132\" srcset=\"https:\/\/www.labccp.cinemapoetico.net\/wplccp\/wp-content\/uploads\/2023\/03\/SR-3.5-1024x769.jpeg 1024w, https:\/\/www.labccp.cinemapoetico.net\/wplccp\/wp-content\/uploads\/2023\/03\/SR-3.5-300x225.jpeg 300w, https:\/\/www.labccp.cinemapoetico.net\/wplccp\/wp-content\/uploads\/2023\/03\/SR-3.5-768x576.jpeg 768w, https:\/\/www.labccp.cinemapoetico.net\/wplccp\/wp-content\/uploads\/2023\/03\/SR-3.5-1536x1153.jpeg 1536w, https:\/\/www.labccp.cinemapoetico.net\/wplccp\/wp-content\/uploads\/2023\/03\/SR-3.5-285x214.jpeg 285w, https:\/\/www.labccp.cinemapoetico.net\/wplccp\/wp-content\/uploads\/2023\/03\/SR-3.5.jpeg 1600w\" sizes=\"auto, (max-width: 1024px) 100vw, 1024px\" \/><\/figure>\n\n\n\n<figure class=\"wp-block-image size-large\"><img loading=\"lazy\" decoding=\"async\" width=\"1024\" height=\"769\" data-id=\"130\" src=\"http:\/\/www.labccp.cinemapoetico.net\/wplccp\/wp-content\/uploads\/2023\/03\/SR-3.4-1024x769.jpeg\" alt=\"\" class=\"wp-image-130\" srcset=\"https:\/\/www.labccp.cinemapoetico.net\/wplccp\/wp-content\/uploads\/2023\/03\/SR-3.4-1024x769.jpeg 1024w, https:\/\/www.labccp.cinemapoetico.net\/wplccp\/wp-content\/uploads\/2023\/03\/SR-3.4-300x225.jpeg 300w, https:\/\/www.labccp.cinemapoetico.net\/wplccp\/wp-content\/uploads\/2023\/03\/SR-3.4-768x576.jpeg 768w, https:\/\/www.labccp.cinemapoetico.net\/wplccp\/wp-content\/uploads\/2023\/03\/SR-3.4-1536x1153.jpeg 1536w, https:\/\/www.labccp.cinemapoetico.net\/wplccp\/wp-content\/uploads\/2023\/03\/SR-3.4-285x214.jpeg 285w, https:\/\/www.labccp.cinemapoetico.net\/wplccp\/wp-content\/uploads\/2023\/03\/SR-3.4.jpeg 1600w\" sizes=\"auto, (max-width: 1024px) 100vw, 1024px\" \/><\/figure>\n\n\n\n<figure class=\"wp-block-image size-large\"><img loading=\"lazy\" decoding=\"async\" width=\"1024\" height=\"759\" data-id=\"131\" src=\"http:\/\/www.labccp.cinemapoetico.net\/wplccp\/wp-content\/uploads\/2023\/03\/SR-3.3-1024x759.jpeg\" alt=\"\" class=\"wp-image-131\" srcset=\"https:\/\/www.labccp.cinemapoetico.net\/wplccp\/wp-content\/uploads\/2023\/03\/SR-3.3-1024x759.jpeg 1024w, https:\/\/www.labccp.cinemapoetico.net\/wplccp\/wp-content\/uploads\/2023\/03\/SR-3.3-300x222.jpeg 300w, https:\/\/www.labccp.cinemapoetico.net\/wplccp\/wp-content\/uploads\/2023\/03\/SR-3.3-768x569.jpeg 768w, https:\/\/www.labccp.cinemapoetico.net\/wplccp\/wp-content\/uploads\/2023\/03\/SR-3.3.jpeg 1052w\" sizes=\"auto, (max-width: 1024px) 100vw, 1024px\" \/><\/figure>\n<\/figure>\n\n\n\n<p>Uno de los podcast realizados:<\/p>\n\n\n\n<p><\/p>\n\n\n\n<figure class=\"wp-block-image size-large is-resized\"><img loading=\"lazy\" decoding=\"async\" src=\"http:\/\/www.labccp.cinemapoetico.net\/wplccp\/wp-content\/uploads\/2023\/03\/Podcast-cinema-1024x1024.png\" alt=\"\" class=\"wp-image-111\" width=\"362\" height=\"362\" srcset=\"https:\/\/www.labccp.cinemapoetico.net\/wplccp\/wp-content\/uploads\/2023\/03\/Podcast-cinema-1024x1024.png 1024w, https:\/\/www.labccp.cinemapoetico.net\/wplccp\/wp-content\/uploads\/2023\/03\/Podcast-cinema-300x300.png 300w, https:\/\/www.labccp.cinemapoetico.net\/wplccp\/wp-content\/uploads\/2023\/03\/Podcast-cinema-150x150.png 150w, https:\/\/www.labccp.cinemapoetico.net\/wplccp\/wp-content\/uploads\/2023\/03\/Podcast-cinema-768x768.png 768w, https:\/\/www.labccp.cinemapoetico.net\/wplccp\/wp-content\/uploads\/2023\/03\/Podcast-cinema-1536x1536.png 1536w, https:\/\/www.labccp.cinemapoetico.net\/wplccp\/wp-content\/uploads\/2023\/03\/Podcast-cinema-2048x2048.png 2048w, https:\/\/www.labccp.cinemapoetico.net\/wplccp\/wp-content\/uploads\/2023\/03\/Podcast-cinema-73x73.png 73w, https:\/\/www.labccp.cinemapoetico.net\/wplccp\/wp-content\/uploads\/2023\/03\/Podcast-cinema-174x174.png 174w, https:\/\/www.labccp.cinemapoetico.net\/wplccp\/wp-content\/uploads\/2023\/03\/Podcast-cinema-250x250.png 250w\" sizes=\"auto, (max-width: 362px) 100vw, 362px\" \/><\/figure>\n\n\n\n<figure class=\"wp-block-audio\"><audio controls src=\"http:\/\/www.labccp.cinemapoetico.net\/wplccp\/wp-content\/uploads\/2023\/03\/384_23-8.2.4-AUDIO-.mp3\"><\/audio><\/figure>\n\n\n\n<p><\/p>\n\n\n\n<p>Y uno de los videos resultados del trabajo del Laboratorio de Creaci\u00f3n Cinema Po\u00e9tico:<\/p>\n\n\n\n<figure class=\"wp-block-embed is-type-video is-provider-youtube wp-block-embed-youtube wp-embed-aspect-16-9 wp-has-aspect-ratio\"><div class=\"wp-block-embed__wrapper\">\n<iframe loading=\"lazy\" title=\"VIDEO TESTIMONIO Laboratorio de Creaci\u00f3n Cinema Po\u00e9tico\" width=\"640\" height=\"360\" src=\"https:\/\/www.youtube.com\/embed\/lSmbcWBs1L8?feature=oembed\" frameborder=\"0\" allow=\"accelerometer; autoplay; clipboard-write; encrypted-media; gyroscope; picture-in-picture; web-share\" referrerpolicy=\"strict-origin-when-cross-origin\" allowfullscreen><\/iframe>\n<\/div><\/figure>\n","protected":false},"excerpt":{"rendered":"<p>En Santa Rosa del Sur Bolivar, desarrollamos el Laboratorio de Creaci\u00f3n Cinema Po\u00e9tico en el Corregimiento de San Francisco a 2 horas del casco urbano del municipio, para llegar se debe viajar en la \u00abMachita\u00bb unas camioneta Toyotas capaces de atravesar cualquier roca o laguna o barro de las carreteras destapadas de la regi\u00f3n, unos<a href=\"https:\/\/www.labccp.cinemapoetico.net\/wplccp\/lccp-santa-rosa-del-sur\/\">[&#8230;]<\/a><\/p>\n","protected":false},"author":1,"featured_media":0,"parent":0,"menu_order":0,"comment_status":"closed","ping_status":"closed","template":"","meta":{"footnotes":""},"class_list":["post-81","page","type-page","status-publish","hentry"],"_links":{"self":[{"href":"https:\/\/www.labccp.cinemapoetico.net\/wplccp\/wp-json\/wp\/v2\/pages\/81","targetHints":{"allow":["GET"]}}],"collection":[{"href":"https:\/\/www.labccp.cinemapoetico.net\/wplccp\/wp-json\/wp\/v2\/pages"}],"about":[{"href":"https:\/\/www.labccp.cinemapoetico.net\/wplccp\/wp-json\/wp\/v2\/types\/page"}],"author":[{"embeddable":true,"href":"https:\/\/www.labccp.cinemapoetico.net\/wplccp\/wp-json\/wp\/v2\/users\/1"}],"replies":[{"embeddable":true,"href":"https:\/\/www.labccp.cinemapoetico.net\/wplccp\/wp-json\/wp\/v2\/comments?post=81"}],"version-history":[{"count":3,"href":"https:\/\/www.labccp.cinemapoetico.net\/wplccp\/wp-json\/wp\/v2\/pages\/81\/revisions"}],"predecessor-version":[{"id":137,"href":"https:\/\/www.labccp.cinemapoetico.net\/wplccp\/wp-json\/wp\/v2\/pages\/81\/revisions\/137"}],"wp:attachment":[{"href":"https:\/\/www.labccp.cinemapoetico.net\/wplccp\/wp-json\/wp\/v2\/media?parent=81"}],"curies":[{"name":"wp","href":"https:\/\/api.w.org\/{rel}","templated":true}]}}